{"id":59,"date":"2026-05-10T18:27:49","date_gmt":"2026-05-10T21:27:49","guid":{"rendered":"https:\/\/xn--tatparalar-t6a79fja74d.com\/?post_type=product&#038;p=59"},"modified":"2026-05-10T18:39:40","modified_gmt":"2026-05-10T21:39:40","slug":"h7-halojen-far-ampulu-12v-55w-ustun-performans","status":"publish","type":"product","link":"https:\/\/xn--tatparalar-t6a79fja74d.com\/?product=h7-halojen-far-ampulu-12v-55w-ustun-performans","title":{"rendered":"H7 Halojen Far Ampul\u00fc &#8211; 12V 55W \u00dcst\u00fcn Performans"},"content":{"rendered":"<ul>\n<li>\n<p data-path-to-node=\"8,0,0,0\"><b data-path-to-node=\"8,0,0,0\" data-index-in-node=\"0\"><span dir=\"auto\" style=\"vertical-align: inherit;\"><span dir=\"auto\" style=\"vertical-align: inherit;\">\u0130pucu:<\/span><\/span><\/b><span dir=\"auto\" style=\"vertical-align: inherit;\"><span dir=\"auto\" style=\"vertical-align: inherit;\"> H7 Halojen<\/span><\/span><\/p>\n<\/li>\n<li>\n<p data-path-to-node=\"8,0,1,0\"><b data-path-to-node=\"8,0,1,0\" data-index-in-node=\"0\">Voltaj:<\/b> 12V \/ <b data-path-to-node=\"8,0,1,0\" data-index-in-node=\"14\">G\u00fc\u00e7:<\/b> 55W<\/p>\n<\/li>\n<li>\n<p data-path-to-node=\"8,0,2,0\"><b data-path-to-node=\"8,0,2,0\" data-index-in-node=\"0\">Uyum:<\/b> T\u00fcm H7 soket yap\u0131s\u0131na sahip ara\u00e7 farlar\u0131 ile %100 uyumludur.<\/p>\n<ul>\n<li>\n<p data-path-to-node=\"8,0,3,0\"><b data-path-to-node=\"8,0,3,0\" data-index-in-node=\"0\">\u00d6zellik:<\/b> Y\u00fcksek \u0131\u015f\u0131k ge\u00e7irgenli\u011fi ve gece s\u00fcr\u00fc\u015f\u00fcnde maksimum g\u00f6r\u00fc\u015f mesafesi sa\u011flar.<\/p>\n<\/li>\n<li>\n<p data-path-to-node=\"8,0,4,0\"><b data-path-to-node=\"8,0,4,0\" data-index-in-node=\"0\">Paket \u0130\u00e7eri\u011fi:<\/b> 1 Adet H7 Halojen Ampul<\/p>\n<\/li>\n<\/ul>\n<\/li>\n<\/ul>\n","protected":false},"excerpt":{"rendered":"<p>\u0130pucu: H7 Halojen Voltaj: 12V \/ G\u00fc\u00e7: 55W Uyum: T\u00fcm H7 soket yap\u0131s\u0131na sahip ara\u00e7 farlar\u0131 ile %100 uyumludur. \u00d6zellik: Y\u00fcksek \u0131\u015f\u0131k ge\u00e7irgenli\u011fi ve gece s\u00fcr\u00fc\u015f\u00fcnde maksimum g\u00f6r\u00fc\u015f mesafesi sa\u011flar. Paket \u0130\u00e7eri\u011fi: 1 Adet H7 Halojen Ampul<\/p>\n","protected":false},"featured_media":60,"comment_status":"open","ping_status":"closed","template":"","meta":{"_monsterinsights_skip_tracking":false,"_monsterinsights_sitenote_active":false,"_monsterinsights_sitenote_note":"","_monsterinsights_sitenote_category":0},"product_brand":[],"product_cat":[17,30,16],"product_tag":[],"class_list":{"0":"post-59","1":"product","2":"type-product","3":"status-publish","4":"has-post-thumbnail","6":"product_cat-aydinlatma","7":"product_cat-helojen-far-ampulleri","8":"product_cat-urun-kategorileri","9":"badges-style-2","11":"first","12":"instock","13":"sale","14":"shipping-taxable","15":"purchasable","16":"product-type-simple"},"aioseo_notices":[],"_links":{"self":[{"href":"https:\/\/xn--tatparalar-t6a79fja74d.com\/index.php?rest_route=\/wp\/v2\/product\/59","targetHints":{"allow":["GET"]}}],"collection":[{"href":"https:\/\/xn--tatparalar-t6a79fja74d.com\/index.php?rest_route=\/wp\/v2\/product"}],"about":[{"href":"https:\/\/xn--tatparalar-t6a79fja74d.com\/index.php?rest_route=\/wp\/v2\/types\/product"}],"replies":[{"embeddable":true,"href":"https:\/\/xn--tatparalar-t6a79fja74d.com\/index.php?rest_route=%2Fwp%2Fv2%2Fcomments&post=59"}],"wp:featuredmedia":[{"embeddable":true,"href":"https:\/\/xn--tatparalar-t6a79fja74d.com\/index.php?rest_route=\/wp\/v2\/media\/60"}],"wp:attachment":[{"href":"https:\/\/xn--tatparalar-t6a79fja74d.com\/index.php?rest_route=%2Fwp%2Fv2%2Fmedia&parent=59"}],"wp:term":[{"taxonomy":"product_brand","embeddable":true,"href":"https:\/\/xn--tatparalar-t6a79fja74d.com\/index.php?rest_route=%2Fwp%2Fv2%2Fproduct_brand&post=59"},{"taxonomy":"product_cat","embeddable":true,"href":"https:\/\/xn--tatparalar-t6a79fja74d.com\/index.php?rest_route=%2Fwp%2Fv2%2Fproduct_cat&post=59"},{"taxonomy":"product_tag","embeddable":true,"href":"https:\/\/xn--tatparalar-t6a79fja74d.com\/index.php?rest_route=%2Fwp%2Fv2%2Fproduct_tag&post=59"}],"curies":[{"name":"wp","href":"https:\/\/api.w.org\/{rel}","templated":true}]}}