{"id":480,"date":"2026-05-12T16:02:10","date_gmt":"2026-05-12T19:02:10","guid":{"rendered":"https:\/\/xn--tatparalar-t6a79fja74d.com\/?post_type=product&#038;p=480"},"modified":"2026-05-13T05:52:24","modified_gmt":"2026-05-13T08:52:24","slug":"top-tec-4200-5w-30-4-litre","status":"publish","type":"product","link":"https:\/\/xn--tatparalar-t6a79fja74d.com\/?product=top-tec-4200-5w-30-4-litre","title":{"rendered":"Top Tec 4200 5W-30 (4 Litre)"},"content":{"rendered":"<p>\u00d6zellikle Audi, BMW, Mercedes ve VW Grup ara\u00e7lar\u0131n son teknoloji motorlar\u0131 i\u00e7in geli\u015ftirilmi\u015f Universal bir motor ya\u011f\u0131d\u0131r. Benzinli ve dizel modern motorlar\u0131n tamam\u0131nda kullan\u0131labilen, ileri teknoloji kat\u0131k kar\u0131\u015f\u0131m\u0131 ile g\u00fc\u00e7lendirilmi\u015f sentetik motor ya\u011f\u0131. \u00dc\u00e7\u00fcnc\u00fc neslin sentez teknolojisine dayanan y\u00fcksek kaliteli d\u00fc\u015f\u00fck viskoziteli motor ya\u011f\u0131 y\u00fcksek performans sayesinde motoru m\u00fckemmel temizler. Ya\u011f t\u00fcketimini d\u00fc\u015f\u00fcr\u00fcr.Dizel partik\u00fcl filtresinin i\u015fler kalmas\u0131n\u0131 sa\u011flar ve maksimum \u00f6m\u00fcr sunar. Motor a\u015f\u0131nmalar\u0131na kar\u015f\u0131 m\u00fckemmel koruma sa\u011flar, ya\u011f ve yak\u0131t t\u00fcketimini azalt\u0131r. TDI dizel ve benzinli motorlar ile FSI, TDI ve Common Rail motorlar i\u00e7in uygundur. Ara\u00e7 \u00fcreticilerinin tavsiyelerine ba\u011fl\u0131 olarak 50,000 km\u2019ye veya d\u00fc\u015f\u00fck kilometre yapan s\u00fcr\u00fcc\u00fcler i\u00e7in 2 seneye varan uzun ya\u011f de\u011fi\u015fim aral\u0131klar\u0131 sa\u011flar. Gazl\u0131 (LPG \/ CNG) binek ara\u00e7lar i\u00e7in uygundur.<\/p>\n","protected":false},"excerpt":{"rendered":"<p>\u00d6zellikle Audi, BMW, Mercedes ve VW Grup ara\u00e7lar\u0131n son teknoloji motorlar\u0131 i\u00e7in geli\u015ftirilmi\u015f Universal bir motor ya\u011f\u0131d\u0131r. Benzinli ve dizel modern motorlar\u0131n tamam\u0131nda kullan\u0131labilen, ileri teknoloji kat\u0131k kar\u0131\u015f\u0131m\u0131 ile g\u00fc\u00e7lendirilmi\u015f sentetik motor ya\u011f\u0131. \u00dc\u00e7\u00fcnc\u00fc neslin sentez teknolojisine dayanan y\u00fcksek kaliteli d\u00fc\u015f\u00fck viskoziteli motor ya\u011f\u0131 y\u00fcksek performans sayesinde motoru m\u00fckemmel temizler. Ya\u011f t\u00fcketimini d\u00fc\u015f\u00fcr\u00fcr.Dizel partik\u00fcl filtresinin i\u015fler kalmas\u0131n\u0131 sa\u011flar ve maksimum \u00f6m\u00fcr sunar. Motor a\u015f\u0131nmalar\u0131na kar\u015f\u0131 m\u00fckemmel koruma sa\u011flar, ya\u011f ve yak\u0131t t\u00fcketimini azalt\u0131r. TDI dizel ve benzinli motorlar ile FSI, TDI ve Common Rail motorlar i\u00e7in uygundur. Ara\u00e7 \u00fcreticilerinin tavsiyelerine ba\u011fl\u0131 olarak 50,000 km\u2019ye veya d\u00fc\u015f\u00fck kilometre yapan s\u00fcr\u00fcc\u00fcler i\u00e7in 2 seneye varan uzun ya\u011f de\u011fi\u015fim aral\u0131klar\u0131 sa\u011flar. Gazl\u0131 (LPG \/ CNG) binek ara\u00e7lar i\u00e7in uygundur.<\/p>\n","protected":false},"featured_media":481,"comment_status":"open","ping_status":"closed","template":"","meta":{"_monsterinsights_skip_tracking":false,"_monsterinsights_sitenote_active":false,"_monsterinsights_sitenote_note":"","_monsterinsights_sitenote_category":0},"product_brand":[65,64,61,62],"product_cat":[89,87,43,88,23],"product_tag":[],"class_list":{"0":"post-480","1":"product","2":"type-product","3":"status-publish","4":"has-post-thumbnail","6":"product_brand-0w30","7":"product_brand-5w30","8":"product_brand-liqui-moly","9":"product_brand-motor-yaglari","10":"product_cat-5w30","11":"product_cat-liqui-moly","12":"product_cat-motor-yaglari","13":"product_cat-motor-yaglari-liqui-moly","14":"product_cat-yag-kimyasal","15":"badges-style-2","17":"first","18":"instock","19":"sale","20":"shipping-taxable","21":"purchasable","22":"product-type-simple"},"aioseo_notices":[],"_links":{"self":[{"href":"https:\/\/xn--tatparalar-t6a79fja74d.com\/index.php?rest_route=\/wp\/v2\/product\/480","targetHints":{"allow":["GET"]}}],"collection":[{"href":"https:\/\/xn--tatparalar-t6a79fja74d.com\/index.php?rest_route=\/wp\/v2\/product"}],"about":[{"href":"https:\/\/xn--tatparalar-t6a79fja74d.com\/index.php?rest_route=\/wp\/v2\/types\/product"}],"replies":[{"embeddable":true,"href":"https:\/\/xn--tatparalar-t6a79fja74d.com\/index.php?rest_route=%2Fwp%2Fv2%2Fcomments&post=480"}],"wp:featuredmedia":[{"embeddable":true,"href":"https:\/\/xn--tatparalar-t6a79fja74d.com\/index.php?rest_route=\/wp\/v2\/media\/481"}],"wp:attachment":[{"href":"https:\/\/xn--tatparalar-t6a79fja74d.com\/index.php?rest_route=%2Fwp%2Fv2%2Fmedia&parent=480"}],"wp:term":[{"taxonomy":"product_brand","embeddable":true,"href":"https:\/\/xn--tatparalar-t6a79fja74d.com\/index.php?rest_route=%2Fwp%2Fv2%2Fproduct_brand&post=480"},{"taxonomy":"product_cat","embeddable":true,"href":"https:\/\/xn--tatparalar-t6a79fja74d.com\/index.php?rest_route=%2Fwp%2Fv2%2Fproduct_cat&post=480"},{"taxonomy":"product_tag","embeddable":true,"href":"https:\/\/xn--tatparalar-t6a79fja74d.com\/index.php?rest_route=%2Fwp%2Fv2%2Fproduct_tag&post=480"}],"curies":[{"name":"wp","href":"https:\/\/api.w.org\/{rel}","templated":true}]}}